{"id":4568,"date":"2021-08-13T10:13:48","date_gmt":"2021-08-13T10:13:48","guid":{"rendered":"https:\/\/emajboutiquehotel.e-gdsbookingsuite.com\/?page_id=4568"},"modified":"2023-02-09T13:22:39","modified_gmt":"2023-02-09T13:22:39","slug":"guimaraes","status":"publish","type":"page","link":"https:\/\/emajboutiquehoteldev.e-gdsbookingsuite.com\/es\/guimaraes\/","title":{"rendered":"Guimar\u00e3es"},"content":{"rendered":"<p>Guimar\u00e3es Emaj Boutique Hotel<\/p>\n<h2>Que hacer<\/h2>\n<p><img loading=\"lazy\" class=\"alignright wp-image-5217 size-full\" src=\"https:\/\/emajboutiquehoteldev.e-gdsbookingsuite.com\/wp-content\/uploads\/2021\/09\/guimaraes-aqui-nasceu-portugal.jpg\" alt=\"\" width=\"500\" height=\"346\" srcset=\"https:\/\/emajboutiquehoteldev.e-gdsbookingsuite.com\/wp-content\/uploads\/2021\/09\/guimaraes-aqui-nasceu-portugal.jpg 500w, https:\/\/emajboutiquehoteldev.e-gdsbookingsuite.com\/wp-content\/uploads\/2021\/09\/guimaraes-aqui-nasceu-portugal-300x208.jpg 300w\" sizes=\"(max-width: 500px) 100vw, 500px\" \/>Guimar\u00e3es, inicialmente denominada como <strong><em>VIMARANES<\/em><\/strong> (originando la denominaci\u00f3n de vimaranenses a la poblaci\u00f3n), tiene sus or\u00edgenes en el siglo X, cuando la Condesa Mumadona Dias manda edificar un monasterio en su propiedad, llevando a que se fijara un conjunto poblacional a su alrededor &#8211; la llamada Vila Baixa. Posteriormente, siendo fundamental la defensa de ese aglomerado poblacional, la Condesa Mumadona manda construir un castillo, situado en una colina, a poca distancia &#8211; la Vila Alta, unida a la Vila Baixa por la Rua de Santa Maria (a unos 500m del EMAJ).<\/p>\n<p>Con el transcurso de los a\u00f1os, Vimaranes gan\u00f3 gran importancia, siendo designada como capital del Condado Portucalense, dominio perteneciente al Conde D. Henrique, casado con Teresa de Le\u00f3n &#8211; hija ileg\u00edtima de Alfonso VI, rey de Le\u00f3n y Castilla. Despu\u00e9s de la muerte de D. Henrique el Condado pasa a ser gobernado por D. Teresa que se une al Conde gallego Fern\u00e3o Peres de Trava.<\/p>\n<p>El 24 de junio de 1128, se da la Batalla de S. Mamede, donde D. Afonso Henriques, hijo de D. Henrique y D. Teresa, enfrenta este conde y su madre, consiguiendo expulsar a los gallegos. De este modo, en 1143, y despu\u00e9s de la celebraci\u00f3n del Tratado de Zamora, D. Afonso Henriques es proclamado rey de Portugal &#8211; El Conquistador, el primer rey de Portugal.<\/p>\n<p>Guimar\u00e3es es elevada a la ciudad en 1853, por la reina D. Mar\u00eda II. Su Centro Hist\u00f3rico es considerado Patrimonio Mundial de la UNESCO en 2001 y la ciudad es reconocida como Capital Europea de la Cultura en 2012 y como Ciudad Europea del Deporte en 2013.<\/p>\n<h2>Un poco m\u00e1s sobre Guimar\u00e3es&#8230;<\/h2>\n<ul>\n<li><strong>Platos T\u00edpicos<\/strong>: Platos tradicionales del Mi\u00f1o &#8211; Bacalao, roj\u00f5es, ternera asada, cabrito.<\/li>\n<li><strong>Dulces Tradicionales<\/strong>: Tortas de Guimar\u00e3es y Toucinho-do-c\u00e9u.<\/li>\n<li><strong>Vinos<\/strong>: Vinos Verdes de la regi\u00f3n.<\/li>\n<li><strong>Principales Tradiciones\/Fiestas<\/strong>: Fiestas Gualterianas (agosto), Fiestas Nicolinas (noviembre y diciembre), Fiesta de Santa Luc\u00eda (diciembre), Romaria Grande de S. Torcato (julio), Feria Afonsina (junio).<\/li>\n<\/ul>\n<h2>A no perder\u2026<\/h2>\n<ul>\n<li>Centro Hist\u00f3rico;<\/li>\n<li>Colina sagrada o Monte Latito: Castillo, Palacio de los Duques de Braganza y capilla de San Miguel;<\/li>\n<li>Museo Alberto Sampaio;<\/li>\n<li>Museo arqueol\u00f3gico Martins Sarmento<\/li>\n<li>Iglesia de San Francisco, Iglesia N\u00aa. S\u00aa. de la Oliveira, Iglesia de N\u00aa. S\u00aa. de la Consolaci\u00f3n y de los Santos Pasos, entre otras;<\/li>\n<li>Vila e Santu\u00e1rio de S. Torcato;<\/li>\n<li>Zona de Couros;<\/li>\n<li>Cit\u00e2nia de Briteiros;<\/li>\n<li>Monta\u00f1a de la Penha \u2013 Telef\u00e9rico, Santuario de la Penha, cuevas y senderos peatonales, tabernas tradicionales, P\u00edo IX;<\/li>\n<li>Termas de las Taipas;<\/li>\n<li>Campo de la Ataca;<\/li>\n<li>Puentes Romanas y Puentes Medievales;<\/li>\n<li>Ba\u00f1os Viejos \u2013 Taipas<\/li>\n<li>Parque de la Ciudad y Jardines del Palacio Vila Flor<\/li>\n<li>Casa da Mem\u00f3ria y Centro Internacional de las Artes Jos\u00e9 de Guimar\u00e3es;<\/li>\n<li>Estadio D. Afonso Henriques &#8211; Vit\u00f3ria Sport Clube.<\/li>\n<\/ul>\n<p>&nbsp;<\/p>\n<p><strong>Enlace a nuestra web para que puedas conocer nuestro hotel: <\/strong><\/p>\n<p><a href=\"https:\/\/emajboutiquehoteldev.e-gdsbookingsuite.com\/\"><strong>https:\/\/emajboutiquehoteldev.e-gdsbookingsuite.com\/<\/strong><\/a><\/p>\n<p><strong>Sigue nuestro instagram para m\u00e1s not\u00edcias:<\/strong><\/p>\n<p><a href=\"https:\/\/www.instagram.com\/emajboutiquehotel\/\"><strong>@emajboutiquehotel<\/strong><\/a><\/p>\n<p><strong>Nuestra comunidad en Fac:<\/strong><\/p>\n<p><a href=\"https:\/\/www.facebook.com\/EMAJBoutiqueHotel\"><strong>@EMAJ Boutique Hotel<\/strong><\/a><\/p>\n","protected":false},"excerpt":{"rendered":"<p>Guimar\u00e3es Emaj Boutique Hotel<br \/>\nQue hacer<br \/>\nGuimar\u00e3es, inicialmente denominada como VIMARANES (originando la denominaci\u00f3n de vimaranenses a la poblaci\u00f3n), tiene sus or\u00edgenes en el siglo X, cuando la Condesa Mumadona Dias manda edificar un monasterio en su propiedad, llevando a que se fijara un conjunto poblacional a su alrededor &#8211; la llamada Vila Baixa. Posteriormente, <\/p>\n","protected":false},"author":1,"featured_media":0,"parent":0,"menu_order":0,"comment_status":"closed","ping_status":"closed","template":"","meta":[],"aioseo_notices":[],"_links":{"self":[{"href":"https:\/\/emajboutiquehoteldev.e-gdsbookingsuite.com\/es\/wp-json\/wp\/v2\/pages\/4568"}],"collection":[{"href":"https:\/\/emajboutiquehoteldev.e-gdsbookingsuite.com\/es\/wp-json\/wp\/v2\/pages"}],"about":[{"href":"https:\/\/emajboutiquehoteldev.e-gdsbookingsuite.com\/es\/wp-json\/wp\/v2\/types\/page"}],"author":[{"embeddable":true,"href":"https:\/\/emajboutiquehoteldev.e-gdsbookingsuite.com\/es\/wp-json\/wp\/v2\/users\/1"}],"replies":[{"embeddable":true,"href":"https:\/\/emajboutiquehoteldev.e-gdsbookingsuite.com\/es\/wp-json\/wp\/v2\/comments?post=4568"}],"version-history":[{"count":9,"href":"https:\/\/emajboutiquehoteldev.e-gdsbookingsuite.com\/es\/wp-json\/wp\/v2\/pages\/4568\/revisions"}],"predecessor-version":[{"id":5691,"href":"https:\/\/emajboutiquehoteldev.e-gdsbookingsuite.com\/es\/wp-json\/wp\/v2\/pages\/4568\/revisions\/5691"}],"wp:attachment":[{"href":"https:\/\/emajboutiquehoteldev.e-gdsbookingsuite.com\/es\/wp-json\/wp\/v2\/media?parent=4568"}],"curies":[{"name":"wp","href":"https:\/\/api.w.org\/{rel}","templated":true}]}}