{"id":4574,"date":"2021-08-13T10:15:08","date_gmt":"2021-08-13T10:15:08","guid":{"rendered":"https:\/\/emajboutiquehotel.e-gdsbookingsuite.com\/?page_id=4574"},"modified":"2023-02-17T14:11:36","modified_gmt":"2023-02-17T14:11:36","slug":"hotel-en-guimaraes","status":"publish","type":"page","link":"https:\/\/emajboutiquehoteldev.e-gdsbookingsuite.com\/es\/hotel-en-guimaraes\/","title":{"rendered":"Hotel en Guimar\u00e3es"},"content":{"rendered":"<p><img loading=\"lazy\" class=\"alignright wp-image-5224 size-full\" src=\"https:\/\/emajboutiquehoteldev.e-gdsbookingsuite.com\/wp-content\/uploads\/2021\/09\/Hotel_emaj_guimaraes_fachada.jpg\" alt=\"\" width=\"500\" height=\"749\" srcset=\"https:\/\/emajboutiquehoteldev.e-gdsbookingsuite.com\/wp-content\/uploads\/2021\/09\/Hotel_emaj_guimaraes_fachada.jpg 500w, https:\/\/emajboutiquehoteldev.e-gdsbookingsuite.com\/wp-content\/uploads\/2021\/09\/Hotel_emaj_guimaraes_fachada-200x300.jpg 200w\" sizes=\"(max-width: 500px) 100vw, 500px\" \/>EMAJ, hotel en Guimar\u00e3es, es un SUE\u00d1O basado en una PASI\u00d3N\u2026 Sue\u00f1o de recuperar un edificio hist\u00f3rico, respetando su patrimonio.<br \/>\nPasi\u00f3n por recibir y estimar a nuestros hu\u00e9spedes, haci\u00e9ndolos sentir como en casa. Podremos brindarle con el m\u00e1ximo confort, con excelentes camas, un ba\u00f1o caliente y un vigorizante desayuno. Peque\u00f1os gestos y detalles, siempre acompa\u00f1ados de una sonrisa de bienvenida.<\/p>\n<h2>CONCEPTO: el servicio es nuestra pasi\u00f3n<\/h2>\n<p>Nuestro concepto est\u00e1 totalmente enfocado a nuestros clientes y servicios. Aqu\u00ed, nos esforzamos por ofrecer la aut\u00e9ntica hospitalidad portuguesa, para que pueda disfrutar de cada momento de su estad\u00eda, demostrando nuestra gratitud por elegir EMAJ.<\/p>\n<h2>Nuestro edificio:<\/h2>\n<p>En este edificio, del siglo XIX, se desarrollaban diferentes actividades comerciales. Inicialmente se destaca la famosa Pastelaria Parisiense, para luego dar paso al Banco Nacional Ultramarino hasta 1982, cuando fue adquirido por el actual propietario.<br \/>\nEn 2010, despu\u00e9s de una extensa intervenci\u00f3n, se transform\u00f3 en un Boutique Hotel. Su renovaci\u00f3n, fue un punto culminante para la revitalizaci\u00f3n del Largo do Toural, que sigue siendo la principal Pra\u00e7a de Guimar\u00e3es.<\/p>\n<h2>Principales caracter\u00edsticas y comodidades:<\/h2>\n<ul>\n<li>Antiguo edificio del Banco Nacional Ultramarino, que data de 1918, manteniendo los rasgos cl\u00e1sicos de su arquitectura y preservando as\u00ed su identidad hist\u00f3rica;<\/li>\n<li>Cuenta con 18 habitaciones: Superior Doble o Twin, Doble Deluxe, Superior Individual y Suite Penthouse;<\/li>\n<li>Ubicado en la plaza principal de la ciudad &#8211; Largo do Toural, Patrimonio de la Humanidad por la UNESCO;<\/li>\n<li>Ubicado en la principal zona comercial, cerca del comercio tradicional;<\/li>\n<li>Sala de desayunos con dise\u00f1o \u00fanico;<\/li>\n<li>En la habitaci\u00f3n: minibar, TV LED, tel\u00e9fono, secador de pelo, mesa de trabajo, aire acondicionado, ducha \/ ba\u00f1era, art\u00edculos de tocador, caja de seguridad, entre otras facilidades;<\/li>\n<li>Garant\u00eda de aire limpio gracias a la pol\u00edtica de no fumar en todas las \u00e1reas y un excelente sistema de renovaci\u00f3n y regeneraci\u00f3n del aire;<\/li>\n<li>Lavander\u00eda con servicio express;<\/li>\n<li>Servicio de Wi-Fi gratuito en todas las habitaciones y \u00e1reas;<\/li>\n<li>Ordenador para uso de los hu\u00e9spedes, as\u00ed como apoyo de secretar\u00eda con servicio de mensajer\u00eda y fotocopias;<\/li>\n<li>Room service;<\/li>\n<li>Desayuno buffet, lleno de delicias, preparado cada ma\u00f1ana;<\/li>\n<li>A unos 40 minutos del aeropuerto Francisco S\u00e1 Carneiro &#8211; Porto;<\/li>\n<li>10 minutos de las estaciones de tren y autob\u00fas de Guimar\u00e3es.<\/li>\n<\/ul>\n<p>&nbsp;<\/p>\n<p><strong>Reserve ahora en nuestro hotel:\u00a0<\/strong><a href=\"https:\/\/securept2.e-gds.com\/emajboutiquehotel\/light\/\"><strong>https:\/\/emajboutiquehoteldev.e-gdsbookingsuite.com\/<\/strong><\/a><\/p>\n<p><a href=\"https:\/\/emajboutiquehoteldev.e-gdsbookingsuite.com\/es\/contactos\/\"><strong>Nuestro contacto<\/strong><\/a><\/p>\n<p><strong>Sigue nuestro instagram para m\u00e1s not\u00edcias:<\/strong><\/p>\n<p><a href=\"https:\/\/www.instagram.com\/emajboutiquehotel\/\"><strong>@emajboutiquehotel<\/strong><\/a><\/p>\n<p><strong>Nuestra comunidad en Facebook:<\/strong><\/p>\n<p><a href=\"https:\/\/www.facebook.com\/EMAJBoutiqueHotel\"><strong>@EMAJ Boutique Hotel<\/strong><\/a><\/p>\n","protected":false},"excerpt":{"rendered":"<p>EMAJ, hotel en Guimar\u00e3es, es un SUE\u00d1O basado en una PASI\u00d3N\u2026 Sue\u00f1o de recuperar un edificio hist\u00f3rico, respetando su patrimonio.<br \/>\nPasi\u00f3n por recibir y estimar a nuestros hu\u00e9spedes, haci\u00e9ndolos sentir como en casa. Podremos brindarle con el m\u00e1ximo confort, con excelentes camas, un ba\u00f1o caliente y un vigorizante desayuno. Peque\u00f1os gestos y detalles, siempre acompa\u00f1ados <\/p>\n","protected":false},"author":1,"featured_media":0,"parent":0,"menu_order":0,"comment_status":"closed","ping_status":"closed","template":"","meta":[],"aioseo_notices":[],"_links":{"self":[{"href":"https:\/\/emajboutiquehoteldev.e-gdsbookingsuite.com\/es\/wp-json\/wp\/v2\/pages\/4574"}],"collection":[{"href":"https:\/\/emajboutiquehoteldev.e-gdsbookingsuite.com\/es\/wp-json\/wp\/v2\/pages"}],"about":[{"href":"https:\/\/emajboutiquehoteldev.e-gdsbookingsuite.com\/es\/wp-json\/wp\/v2\/types\/page"}],"author":[{"embeddable":true,"href":"https:\/\/emajboutiquehoteldev.e-gdsbookingsuite.com\/es\/wp-json\/wp\/v2\/users\/1"}],"replies":[{"embeddable":true,"href":"https:\/\/emajboutiquehoteldev.e-gdsbookingsuite.com\/es\/wp-json\/wp\/v2\/comments?post=4574"}],"version-history":[{"count":11,"href":"https:\/\/emajboutiquehoteldev.e-gdsbookingsuite.com\/es\/wp-json\/wp\/v2\/pages\/4574\/revisions"}],"predecessor-version":[{"id":6045,"href":"https:\/\/emajboutiquehoteldev.e-gdsbookingsuite.com\/es\/wp-json\/wp\/v2\/pages\/4574\/revisions\/6045"}],"wp:attachment":[{"href":"https:\/\/emajboutiquehoteldev.e-gdsbookingsuite.com\/es\/wp-json\/wp\/v2\/media?parent=4574"}],"curies":[{"name":"wp","href":"https:\/\/api.w.org\/{rel}","templated":true}]}}