{"id":4585,"date":"2021-08-13T10:19:53","date_gmt":"2021-08-13T10:19:53","guid":{"rendered":"https:\/\/emajboutiquehotel.e-gdsbookingsuite.com\/?page_id=4585"},"modified":"2021-08-13T11:45:55","modified_gmt":"2021-08-13T11:45:55","slug":"politica-de-privacidad","status":"publish","type":"page","link":"https:\/\/emajboutiquehoteldev.e-gdsbookingsuite.com\/es\/politica-de-privacidad\/","title":{"rendered":"Pol\u00edtica de Privacidad"},"content":{"rendered":"<h2>EMAJ Boutique Hotel<\/h2>\n<p>EMAJ Boutique Hotel se ha comprometido a garantizar un servicio de calidad a todos los clientes y los visitantes del sitio, as\u00ed como con aspectos relacionados con su privacidad.<\/p>\n<h2>Informaci\u00f3n Personal<\/h2>\n<p>La informaci\u00f3n personal es solicitada, para que pueda acceder a EMAJ Boutique Hotel, as\u00ed como en el momento de hacer una reserva. Tenga en cuenta que su informaci\u00f3n personal ser\u00e1 utilizada \u00fanicamente para hacer la reserva correspondiente. Sus datos de contacto tambi\u00e9n se utilizan en nuestra base de datos para el env\u00edo de informaci\u00f3n sobre las promociones vigentes en nuestra Newsletter. Sus datos no ser\u00e1n transmitidos a terceros y es s\u00f3lo para uso exclusivo interno de EMAJ Boutique Hotel. Si ya es cliente registrado en nuestro sitio, usted puede cambiar sus datos personales siempre que lo desee, solo al inicio de sesi\u00f3n con su nombre de usuario y contrase\u00f1a.<\/p>\n<h2>E-Mail<\/h2>\n<p>Si se suscribe a nuestro bolet\u00edn de noticias del sitio, usted recibir\u00e1 informaci\u00f3n por correo electr\u00f3nico sobre las promociones y eventos. En caso de que usted no desee recibir m\u00e1s boletines de noticias, usted puede eliminar su direcci\u00f3n de nuestra lista de correo haciendo clic en el enlace que se muestra en la parte inferior de cada bolet\u00edn. Si usted es un cliente registrado podr\u00e1 modificar sus datos personales en cualquier momento, simplemente introduciendo su nombre de usuario y contrase\u00f1a.<\/p>\n<h2>Seguridad<\/h2>\n<p>Para garantizar la seguridad de su informaci\u00f3n y una estricta confidencialidad, los datos que usted nos proporcione ser\u00e1n tratados de forma estrictamente confidencial de acuerdo con nuestra pol\u00edtica de seguridad y confidencialidad.<\/p>\n","protected":false},"excerpt":{"rendered":"<p>EMAJ Boutique Hotel<br \/>\nEMAJ Boutique Hotel se ha comprometido a garantizar un servicio de calidad a todos los clientes y los visitantes del sitio, as\u00ed como con aspectos relacionados con su privacidad.<br \/>\nInformaci\u00f3n Personal<br \/>\nLa informaci\u00f3n personal es solicitada, para que pueda acceder a EMAJ Boutique Hotel, as\u00ed como en el momento de hacer una <\/p>\n","protected":false},"author":1,"featured_media":0,"parent":0,"menu_order":0,"comment_status":"closed","ping_status":"closed","template":"","meta":[],"aioseo_notices":[],"_links":{"self":[{"href":"https:\/\/emajboutiquehoteldev.e-gdsbookingsuite.com\/es\/wp-json\/wp\/v2\/pages\/4585"}],"collection":[{"href":"https:\/\/emajboutiquehoteldev.e-gdsbookingsuite.com\/es\/wp-json\/wp\/v2\/pages"}],"about":[{"href":"https:\/\/emajboutiquehoteldev.e-gdsbookingsuite.com\/es\/wp-json\/wp\/v2\/types\/page"}],"author":[{"embeddable":true,"href":"https:\/\/emajboutiquehoteldev.e-gdsbookingsuite.com\/es\/wp-json\/wp\/v2\/users\/1"}],"replies":[{"embeddable":true,"href":"https:\/\/emajboutiquehoteldev.e-gdsbookingsuite.com\/es\/wp-json\/wp\/v2\/comments?post=4585"}],"version-history":[{"count":3,"href":"https:\/\/emajboutiquehoteldev.e-gdsbookingsuite.com\/es\/wp-json\/wp\/v2\/pages\/4585\/revisions"}],"predecessor-version":[{"id":4619,"href":"https:\/\/emajboutiquehoteldev.e-gdsbookingsuite.com\/es\/wp-json\/wp\/v2\/pages\/4585\/revisions\/4619"}],"wp:attachment":[{"href":"https:\/\/emajboutiquehoteldev.e-gdsbookingsuite.com\/es\/wp-json\/wp\/v2\/media?parent=4585"}],"curies":[{"name":"wp","href":"https:\/\/api.w.org\/{rel}","templated":true}]}}