{"id":4592,"date":"2021-08-13T10:23:41","date_gmt":"2021-08-13T10:23:41","guid":{"rendered":"https:\/\/emajboutiquehotel.e-gdsbookingsuite.com\/?page_id=4592"},"modified":"2023-07-01T13:17:19","modified_gmt":"2023-07-01T13:17:19","slug":"politicas-y-servicios-emaj","status":"publish","type":"page","link":"https:\/\/emajboutiquehoteldev.e-gdsbookingsuite.com\/es\/politicas-y-servicios-emaj\/","title":{"rendered":"Pol\u00edticas y Servicios"},"content":{"rendered":"<figure id=\"attachment_5231\" aria-describedby=\"caption-attachment-5231\" style=\"width: 482px\" class=\"wp-caption alignright\"><img loading=\"lazy\" class=\"wp-image-5231\" src=\"https:\/\/emajboutiquehoteldev.e-gdsbookingsuite.com\/wp-content\/uploads\/2021\/09\/Hotel_emaj_guimaraes_cafetaria.jpg\" alt=\"Pol\u00edticas y Servicios\" width=\"482\" height=\"322\" srcset=\"https:\/\/emajboutiquehoteldev.e-gdsbookingsuite.com\/wp-content\/uploads\/2021\/09\/Hotel_emaj_guimaraes_cafetaria.jpg 500w, https:\/\/emajboutiquehoteldev.e-gdsbookingsuite.com\/wp-content\/uploads\/2021\/09\/Hotel_emaj_guimaraes_cafetaria-300x200.jpg 300w, https:\/\/emajboutiquehoteldev.e-gdsbookingsuite.com\/wp-content\/uploads\/2021\/09\/Hotel_emaj_guimaraes_cafetaria-272x182.jpg 272w\" sizes=\"(max-width: 482px) 100vw, 482px\" \/><figcaption id=\"caption-attachment-5231\" class=\"wp-caption-text\">Pol\u00edticas y Servicios<\/figcaption><\/figure>\n<h2>Pol\u00edticas y Servicios<\/h2>\n<p>&nbsp;<\/p>\n<h2>Principales Servicios<\/h2>\n<ul>\n<li>Acceso gratuito a Internet en todas las \u00e1reas;<\/li>\n<li>Servicio de habitaciones;<\/li>\n<li>Minibar;<\/li>\n<li>Caja fuerte gratuita;<\/li>\n<li>ba\u00f1o completo con secador de pelo;<\/li>\n<li>Servicio de lavander\u00eda;<\/li>\n<li>Smart TV con la posibilidad de conectarse a los servicios de streaming;<\/li>\n<li>A\/C en las habitaciones;<\/li>\n<li>Desayuno buffet;<\/li>\n<li>Posibilidad de check-in temprano o check-out tard\u00edo;<\/li>\n<li>Parking: El EMAJ dispone de 1 plazas libres junto al edificio sujetos a disponibilidad, sin embargo, a unos 100m hay un aparcamiento subterr\u00e1neo, abierto las 24h, con un coste de 6h \/ 24h.<\/li>\n<\/ul>\n<h2>Camas Supletorias<\/h2>\n<ul>\n<li>0-3 A\u00d1OS &#8211; gratis en cuna<\/li>\n<li>\u00a0&#8211; 25,00 \u20ac \/ noche<\/li>\n<\/ul>\n<h2>Pol\u00edticas de Pago y Cancelaci\u00f3n<\/h2>\n<ul>\n<li>Los pagos deben realizarse en el momento de la reserva mediante la tarjeta de cr\u00e9dito proporcionada (Visa o Mastercard);<\/li>\n<li>Para la confirmaci\u00f3n de la reserva, es obligatorio proporcionar una tarjeta de cr\u00e9dito VISA o MASTERCARD v\u00e1lida, as\u00ed como la fecha de caducidad y el c\u00f3digo CVC;<\/li>\n<li>Reserva no reembolsable: no se aplican pol\u00edticas de reserva de cancelaci\u00f3n \/ cambio;<\/li>\n<li>Todos los precios incluyen el IVA a la tasa legal.<\/li>\n<li><\/li>\n<li><strong>Reserve ahora en nuestro hotel:\u00a0<\/strong><a href=\"https:\/\/securept2.e-gds.com\/emajboutiquehotel\/light\/\"><strong>https:\/\/emajboutiquehoteldev.e-gdsbookingsuite.com\/<\/strong><\/a>\n<p>&nbsp;<\/p>\n<p><a href=\"https:\/\/emajboutiquehoteldev.e-gdsbookingsuite.com\/es\/contactos\/\"><strong>Nuestro contacto<\/strong><\/a><\/p>\n<p><strong>Sigue nuestro instagram para m\u00e1s not\u00edcias:<\/strong><\/p>\n<p><a href=\"https:\/\/www.instagram.com\/emajboutiquehotel\/\"><strong>@emajboutiquehotel<\/strong><\/a><\/p>\n<p><strong>Nuestra comunidad en Facebook:<\/strong><\/p>\n<p><a href=\"https:\/\/www.facebook.com\/EMAJBoutiqueHotel\"><strong>@EMAJ Boutique Hotel<\/strong><\/a><\/li>\n<\/ul>\n","protected":false},"excerpt":{"rendered":"<p>Pol\u00edticas y Servicios<br \/>\n&nbsp;<br \/>\nPrincipales Servicios<\/p>\n<p>Acceso gratuito a Internet en todas las \u00e1reas;<br \/>\nServicio de habitaciones;<br \/>\nMinibar;<br \/>\nCaja fuerte gratuita;<br \/>\nba\u00f1o completo con secador de pelo;<br \/>\nServicio de lavander\u00eda;<br \/>\nSmart TV con la posibilidad de conectarse a los servicios de streaming;<br \/>\nA\/C en las habitaciones;<br \/>\nDesayuno buffet;<br \/>\nPosibilidad de check-in temprano o check-out <\/p>\n","protected":false},"author":1,"featured_media":0,"parent":0,"menu_order":0,"comment_status":"closed","ping_status":"closed","template":"","meta":[],"aioseo_notices":[],"_links":{"self":[{"href":"https:\/\/emajboutiquehoteldev.e-gdsbookingsuite.com\/es\/wp-json\/wp\/v2\/pages\/4592"}],"collection":[{"href":"https:\/\/emajboutiquehoteldev.e-gdsbookingsuite.com\/es\/wp-json\/wp\/v2\/pages"}],"about":[{"href":"https:\/\/emajboutiquehoteldev.e-gdsbookingsuite.com\/es\/wp-json\/wp\/v2\/types\/page"}],"author":[{"embeddable":true,"href":"https:\/\/emajboutiquehoteldev.e-gdsbookingsuite.com\/es\/wp-json\/wp\/v2\/users\/1"}],"replies":[{"embeddable":true,"href":"https:\/\/emajboutiquehoteldev.e-gdsbookingsuite.com\/es\/wp-json\/wp\/v2\/comments?post=4592"}],"version-history":[{"count":9,"href":"https:\/\/emajboutiquehoteldev.e-gdsbookingsuite.com\/es\/wp-json\/wp\/v2\/pages\/4592\/revisions"}],"predecessor-version":[{"id":6691,"href":"https:\/\/emajboutiquehoteldev.e-gdsbookingsuite.com\/es\/wp-json\/wp\/v2\/pages\/4592\/revisions\/6691"}],"wp:attachment":[{"href":"https:\/\/emajboutiquehoteldev.e-gdsbookingsuite.com\/es\/wp-json\/wp\/v2\/media?parent=4592"}],"curies":[{"name":"wp","href":"https:\/\/api.w.org\/{rel}","templated":true}]}}