{"id":5162,"date":"2021-08-20T13:25:30","date_gmt":"2021-08-20T13:25:30","guid":{"rendered":"https:\/\/emajboutiquehotel.e-gdsbookingsuite.com\/?page_id=5162"},"modified":"2021-08-20T13:33:19","modified_gmt":"2021-08-20T13:33:19","slug":"terminos-y-condiciones","status":"publish","type":"page","link":"https:\/\/emajboutiquehoteldev.e-gdsbookingsuite.com\/es\/terminos-y-condiciones\/","title":{"rendered":"T\u00e9rminos y Condiciones"},"content":{"rendered":"<p>La informaci\u00f3n contenida en este sitio es propiedad de&nbsp;<strong>EMAJ Boutique Hotel.<\/strong> Su descarga, reproducci\u00f3n o transmisi\u00f3n, en parte o en su totalidad para fines comerciales est\u00e1 estrictamente prohibida.<\/p>\n<p>Un usuario de este sitio no puede utilizar ning\u00fan software o aplicaci\u00f3n que interfiera con su funcionamiento normal. Cualquier aplicaci\u00f3n, mecanismo autom\u00e1tico o proceso manual no se puede utilizar para controlar o copiar sus p\u00e1ginas, sin el previo consentimiento y autorizaci\u00f3n de EMAJ Boutique Hotel.<\/p>\n<p>El usuario debe tener un nombre de usuario y contrase\u00f1a para acceder a determinados contenidos de acceso restringido. El contenido de las zonas restringidas son confidenciales al EMAJ Boutique Hotel, el usuario no puede hacer uso de ellos con fines lucrativos o comerciales.<\/p>\n<p>El contenido de este sitio puede ser inexacto o estar desactualizado. EMAJ Boutique Hotel puede modificar sin previo aviso o corregir las informaciones publicadas.<\/p>\n","protected":false},"excerpt":{"rendered":"<p>La informaci\u00f3n contenida en este sitio es propiedad de&nbsp;EMAJ Boutique Hotel. Su descarga, reproducci\u00f3n o transmisi\u00f3n, en parte o en su totalidad para fines comerciales est\u00e1 estrictamente prohibida.<br \/>\nUn usuario de este sitio no puede utilizar ning\u00fan software o aplicaci\u00f3n que interfiera con su funcionamiento normal. Cualquier aplicaci\u00f3n, mecanismo autom\u00e1tico o proceso manual no se <\/p>\n","protected":false},"author":1,"featured_media":0,"parent":0,"menu_order":0,"comment_status":"closed","ping_status":"closed","template":"","meta":[],"aioseo_notices":[],"_links":{"self":[{"href":"https:\/\/emajboutiquehoteldev.e-gdsbookingsuite.com\/es\/wp-json\/wp\/v2\/pages\/5162"}],"collection":[{"href":"https:\/\/emajboutiquehoteldev.e-gdsbookingsuite.com\/es\/wp-json\/wp\/v2\/pages"}],"about":[{"href":"https:\/\/emajboutiquehoteldev.e-gdsbookingsuite.com\/es\/wp-json\/wp\/v2\/types\/page"}],"author":[{"embeddable":true,"href":"https:\/\/emajboutiquehoteldev.e-gdsbookingsuite.com\/es\/wp-json\/wp\/v2\/users\/1"}],"replies":[{"embeddable":true,"href":"https:\/\/emajboutiquehoteldev.e-gdsbookingsuite.com\/es\/wp-json\/wp\/v2\/comments?post=5162"}],"version-history":[{"count":2,"href":"https:\/\/emajboutiquehoteldev.e-gdsbookingsuite.com\/es\/wp-json\/wp\/v2\/pages\/5162\/revisions"}],"predecessor-version":[{"id":5164,"href":"https:\/\/emajboutiquehoteldev.e-gdsbookingsuite.com\/es\/wp-json\/wp\/v2\/pages\/5162\/revisions\/5164"}],"wp:attachment":[{"href":"https:\/\/emajboutiquehoteldev.e-gdsbookingsuite.com\/es\/wp-json\/wp\/v2\/media?parent=5162"}],"curies":[{"name":"wp","href":"https:\/\/api.w.org\/{rel}","templated":true}]}}