{"id":7403,"date":"2024-09-23T18:09:06","date_gmt":"2024-09-23T18:09:06","guid":{"rendered":"https:\/\/emajboutiquehoteldev.e-gdsbookingsuite.com\/resolucao-alternativa-de-litigios\/"},"modified":"2024-09-23T18:10:23","modified_gmt":"2024-09-23T18:10:23","slug":"resolucao-alternativa-de-litigios","status":"publish","type":"page","link":"https:\/\/emajboutiquehoteldev.e-gdsbookingsuite.com\/es\/resolucao-alternativa-de-litigios\/","title":{"rendered":"Resoluci\u00f3n de Conflicto Alternativa"},"content":{"rendered":"<p>El consumidor podr\u00e1 acudir a alguna de las entidades de Resoluci\u00f3n Alternativa de Controversias cuyo nombre, datos de contacto y direcci\u00f3n web aparecen en el listado de entidades radicadas ante la Direcci\u00f3n del Consumidor.<\/p>\n<p>Para m\u00e1s informaci\u00f3n visite el Portal del Consumidor: <a href=\"http:\/\/www.consumidor.pt\">www.consumidor.pt<\/a>.<\/p>\n","protected":false},"excerpt":{"rendered":"<p>El consumidor podr\u00e1 acudir a alguna de las entidades de Resoluci\u00f3n Alternativa de Controversias cuyo nombre, datos de contacto y direcci\u00f3n web aparecen en el listado de entidades radicadas ante la Direcci\u00f3n del Consumidor.<br \/>\nPara m\u00e1s informaci\u00f3n visite el Portal del Consumidor: www.consumidor.pt.<\/p>\n","protected":false},"author":1,"featured_media":0,"parent":0,"menu_order":0,"comment_status":"closed","ping_status":"closed","template":"","meta":[],"aioseo_notices":[],"_links":{"self":[{"href":"https:\/\/emajboutiquehoteldev.e-gdsbookingsuite.com\/es\/wp-json\/wp\/v2\/pages\/7403"}],"collection":[{"href":"https:\/\/emajboutiquehoteldev.e-gdsbookingsuite.com\/es\/wp-json\/wp\/v2\/pages"}],"about":[{"href":"https:\/\/emajboutiquehoteldev.e-gdsbookingsuite.com\/es\/wp-json\/wp\/v2\/types\/page"}],"author":[{"embeddable":true,"href":"https:\/\/emajboutiquehoteldev.e-gdsbookingsuite.com\/es\/wp-json\/wp\/v2\/users\/1"}],"replies":[{"embeddable":true,"href":"https:\/\/emajboutiquehoteldev.e-gdsbookingsuite.com\/es\/wp-json\/wp\/v2\/comments?post=7403"}],"version-history":[{"count":1,"href":"https:\/\/emajboutiquehoteldev.e-gdsbookingsuite.com\/es\/wp-json\/wp\/v2\/pages\/7403\/revisions"}],"predecessor-version":[{"id":7405,"href":"https:\/\/emajboutiquehoteldev.e-gdsbookingsuite.com\/es\/wp-json\/wp\/v2\/pages\/7403\/revisions\/7405"}],"wp:attachment":[{"href":"https:\/\/emajboutiquehoteldev.e-gdsbookingsuite.com\/es\/wp-json\/wp\/v2\/media?parent=7403"}],"curies":[{"name":"wp","href":"https:\/\/api.w.org\/{rel}","templated":true}]}}